{"id":6,"date":"2020-01-31T18:22:11","date_gmt":"2020-01-31T18:22:11","guid":{"rendered":"https:\/\/sustainable-generation.com\/?page_id=6"},"modified":"2026-03-27T10:11:20","modified_gmt":"2026-03-27T17:11:20","slug":"home-page","status":"publish","type":"page","link":"https:\/\/sustainable-generation.com\/es\/","title":{"rendered":"Home Page"},"content":{"rendered":"<h1>Compostaje comercial m\u00e1s inteligente con<br \/> Sistemas de pilas est\u00e1ticas aireadas cubiertas (CASP)<\/h1>\t\t\t\n<h1>\n\t\t\tLa tecnolog\u00eda SG ADVANCED COMPOSTING\u2122 ofrece resultados en contenedores sin necesidad de costosas infraestructuras, reduciendo las emisiones, garantizando el cumplimiento normativo y contribuyendo a combatir el cambio clim\u00e1tico.\t<\/h1>\n\t\t\t<a href=\"https:\/\/sustainable-generation.com\/es\/sg-advanced-composting\/how-it-works\/\"  target=\"_self\">\n\t\t\t\t\t\t\tVea c\u00f3mo funciona\n\t\t\t<\/a>\n\t\t\t\t<img decoding=\"async\" src=\"https:\/\/sustainable-generation.com\/wp-content\/uploads\/2025\/03\/Water-Protection-icon.png\" alt=\"Water Protection icon\" title=\"Icono de protecci\u00f3n del agua\" itemprop=\"image\"\/>\n\t\t<h3>Asesor\u00eda<\/h3>\t\t\t\n\t\t\t\t<p>Asesoramiento integral y apoyo operativo para guiar sus proyectos de compostaje desde la concepci\u00f3n hasta el \u00e9xito.<\/p>\n\t\t\t\t<img decoding=\"async\" src=\"https:\/\/sustainable-generation.com\/wp-content\/uploads\/2024\/10\/3.png\" alt=\"3\" title=\"3\" itemprop=\"image\"\/>\n\t\t<h3>Dise\u00f1o de instalaciones<\/h3>\t\t\t\n\t\t\t\t<p>Planificaci\u00f3n y dise\u00f1o expertos del sitio para construir operaciones de compostaje eficientes y de alto rendimiento.<\/p>\n\t\t\t\t<img decoding=\"async\" src=\"https:\/\/sustainable-generation.com\/wp-content\/uploads\/2025\/03\/Lower-Cost-Icon.png\" alt=\"Lower Cost Icon\" title=\"Icono de menor costo\" itemprop=\"image\"\/>\n\t\t<h3>Menor costo de propiedad<\/h3>\t\t\t\n\t\t\t\t<p>Consumo energ\u00e9tico m\u00ednimo, sin edificios ni biofiltros, r\u00e1pido retorno de la inversi\u00f3n.<\/p>\n\t\t\t\t<img decoding=\"async\" src=\"https:\/\/sustainable-generation.com\/wp-content\/uploads\/2025\/03\/Expert-support.png\" alt=\"Expert support\" title=\"Asistencia de expertos\" itemprop=\"image\"\/>\n\t\t<h3>Servicio experto<\/h3>\t\t\t\n\t\t\t\t<p>Soporte l\u00edder en la industria para optimizar el rendimiento del sistema y garantizar el \u00e9xito a largo plazo.<\/p>\n\t\t\t\t<img decoding=\"async\" src=\"https:\/\/sustainable-generation.com\/wp-content\/uploads\/2025\/03\/Emissions-Icon.png\" alt=\"Emissions Icon\" title=\"Icono de emisiones\" itemprop=\"image\"\/>\n\t\t<h3>Tecnolog\u00eda probada<\/h3>\t\t\t\n\t\t\t\t<p>Proveedor de confianza de fundas GORE\u00ae para Norteam\u00e9rica y Ocean\u00eda<\/p>\n\t\t\t<h2>Compostaje avanzado que cumple con las regulaciones, protege los recursos e impulsa el futuro.<\/h2>\t\t\t\n\t\t\t\t<p>Con m\u00e1s de 200 a\u00f1os de experiencia combinada en el sector, ofrecemos soluciones de compostaje comercial probadas que ayudan a las instalaciones grandes y peque\u00f1as a alcanzar el \u00e9xito. Nuestra tecnolog\u00eda SG ADVANCED COMPOSTING\u2122 aprovecha la cubierta GORE\u00ae, de confianza mundial, para maximizar el rendimiento y minimizar el impacto medioambiental, garantizando resultados rentables y conformes con la normativa.<\/p>\n\t\t\t<a href=\"https:\/\/sustainable-generation.com\/es\/about\/team\/\"  target=\"_self\">\n\t\t\t\t\t\t\tConozca a nuestro equipo\n\t\t\t<\/a>\n\t\t\t<h2>Soluciones para todos los retos del compostaje<\/h2><h3>Independientemente de su flujo de residuos, SG tiene una soluci\u00f3n.<\/h3>\t\t\t\n<figure itemscope itemtype=\"https:\/\/schema.org\/ImageObject\">\n\t\t\t\t<img decoding=\"async\" src=\"https:\/\/sustainable-generation.com\/wp-content\/uploads\/2024\/10\/15.png\" alt=\"15\" height=\"300\" width=\"300\" title=\"15\" onerror=\"this.style.display='none'\" loading=\"lazy\" \/>\n\t<\/figure>\n\t\t\t<h3>Residuos org\u00e1nicos separados en origen (SSO\/FOGO)<\/h3>\t\t\t\n\t\t\t\t<p>Convierta los desechos org\u00e1nicos en abono de alta calidad y reduzca los gastos generales.<\/p>\n<figure itemscope itemtype=\"https:\/\/schema.org\/ImageObject\">\n\t\t\t\t<img decoding=\"async\" src=\"https:\/\/sustainable-generation.com\/wp-content\/uploads\/2024\/10\/Municipal-Solid-Waste-Icon.png\" alt=\"Municipal Solid Waste Icon\" height=\"300\" width=\"300\" title=\"Icono de residuos s\u00f3lidos urbanos\" onerror=\"this.style.display='none'\" loading=\"lazy\" \/>\n\t<\/figure>\n\t\t\t<h3>Residuos s\u00f3lidos urbanos (RSU\/RSU)<\/h3>\t\t\t\n\t\t\t\t<p>Cumpla con los objetivos de desviaci\u00f3n de vertederos y las exigencias estatales con un control fiable de los olores.<\/p>\n<figure itemscope itemtype=\"https:\/\/schema.org\/ImageObject\">\n\t\t\t\t<img decoding=\"async\" src=\"https:\/\/sustainable-generation.com\/wp-content\/uploads\/2024\/10\/Biosolid-Icon.png\" alt=\"Biosolid Icon\" height=\"300\" width=\"300\" title=\"Icono de bios\u00f3lidos\" onerror=\"this.style.display='none'\" loading=\"lazy\" \/>\n\t<\/figure>\n\t\t\t<h3>Bios\u00f3lidos\u00a0<\/h3>\t\t\t\n\t\t\t\t<p>Compostaje seguro de bios\u00f3lidos en cumplimiento con las normas de la Parte 503 de la EPA, logrando bajas emisiones y un control excepcional de los pat\u00f3genos.<\/p>\n<figure itemscope itemtype=\"https:\/\/schema.org\/ImageObject\">\n\t\t\t\t<img decoding=\"async\" src=\"https:\/\/sustainable-generation.com\/wp-content\/uploads\/2024\/10\/Animal-Waste-Icon.png\" alt=\"Animal Waste Icon\" height=\"300\" width=\"300\" title=\"Icono de desechos animales\" onerror=\"this.style.display='none'\" loading=\"lazy\" \/>\n\t<\/figure>\n\t\t\t<h3>Residuos animales (CAFO\/esti\u00e9rcol)<\/h3>\t\t\t\n\t\t\t\t<p>Crear un producto estable y comercializable y mitigar la contaminaci\u00f3n de las aguas subterr\u00e1neas.<\/p>\n<h2  data-animation-delay=\"0\" data-animation-duration=\".8\">\n\t\t\tRendimiento comprobado, resultados reales\t<\/h2>\n\t\t\t<a href=\"https:\/\/sustainable-generation.com\/es\/sg-advanced-composting\/\"  target=\"_self\">\n\t\t\t\t\t\t\tVer todos los perfiles de proyectos\n\t\t\t<\/a>\n\t\t\t<h2>\u00bfPor qu\u00e9 las instalaciones l\u00edderes eligen Sustainable Generation\u00ae?<\/h2>\t\t\t\n\t\t\t\t<p>Hemos ayudado a decenas de entidades p\u00fablicas y privadas de servicios de residuos, incluyendo autoridades de gesti\u00f3n de residuos, transportistas y municipios, inversionistas de proyectos, ingenieros, consultores y responsables pol\u00edticos a reducir el costo y la complejidad de las operaciones de compostaje.<\/p>\n\t<ul>\n\t\t<li>\t\t\t\t\n\t\t<h3>Excelencia medioambiental certificada<\/h3><\/li><li>\t\t\t\t\n\t\t<h3>Rendimiento dentro del recipiente sin necesidad de construcci\u00f3n<\/h3><\/li><li>\t\t\t\t\n\t\t<h3>Asistencia integral, de principio a fin<\/h3><\/li>\t<\/ul>\n\t\t\t<h2>Impulsando una econom\u00eda circular, reduciendo la huella de carbono<\/h2>\t\t\t\n\t\t\t\t<p>SG ayuda a las comunidades y a las empresas a convertir los residuos en soluciones clim\u00e1ticas. Nuestros sistemas contribuyen a la captura de carbono, protegen la calidad del aire y del agua, y apoyan la agricultura regenerativa mediante la producci\u00f3n de compost de alta calidad.\u00a0<\/p>\n\t\t<!-- Comment to fix spacing issue\n\t-->\n\t\t\t\t<img decoding=\"async\" src=\"https:\/\/sustainable-generation.com\/wp-content\/uploads\/2024\/10\/Municipal-Solid-Waste-Icon.png\" alt=\"Municipal Solid Waste Icon\" title=\"Icono de residuos s\u00f3lidos urbanos\" itemprop=\"image\"\/>\n\t\t<h2>0<\/h2>Toneladas de residuos org\u00e1nicos desviados anualmente\n\t<!-- Comment to fix spacing issue\n\t-->\t\n\t\t<!-- Comment to fix spacing issue\n\t-->\n\t\t\t\t<img decoding=\"async\" src=\"https:\/\/sustainable-generation.com\/wp-content\/uploads\/2025\/05\/Shield.png\" alt=\"Shield\" title=\"Escudo\" itemprop=\"image\"\/>\n\t\t<h2>0<\/h2>M\u00e1s de 70 instalaciones \n\t<!-- Comment to fix spacing issue\n\t-->\t\n\t\t\t<a href=\"https:\/\/sustainable-generation.com\/es\/sg-advanced-composting\/\"  target=\"_self\">\n\t\t\t\t\t\t\tM\u00e1s informaci\u00f3n sobre nuestra tecnolog\u00eda\n\t\t\t<\/a>\n<h2>Reservar un piloto<\/h2>\n<h3>\u00bfListo para probar el compostaje sostenible en tus propios t\u00e9rminos?<\/h3>\n<p>Nuestro equipo le ayudar\u00e1 a planificar, implementar y lanzar una prueba piloto exitosa con el sistema SG MOBILE\u00ae.<\/p>\n\t\t\t<a href=\"https:\/\/sustainable-generation.com\/es\/contact-us\/\"  target=\"_self\">\n\t\t\t\t\t\t\tComience su programa piloto hoy mismo\n\t\t\t<\/a>\n<h2  data-animation-delay=\"0\" data-animation-duration=\"1\">\n\t\t\t     What our customers are saying&#8230;\t<\/h2>","protected":false},"excerpt":{"rendered":"<p>Smarter Commercial Composting with Covered Aerated Static Pile (CASP) Systems SG ADVANCED COMPOSTING\u2122 Technology delivers in-vessel results without costly infrastructure, cutting emissions, ensuring compliance, helping to combat climate change. See How It Works Consulting Comprehensive consulting and operational support to guide your composting projects from concept to success Facility Design Expert planning and site design&hellip;<\/p>","protected":false},"author":5,"featured_media":0,"parent":0,"menu_order":0,"comment_status":"closed","ping_status":"closed","template":"","meta":{"_monsterinsights_skip_tracking":false,"_monsterinsights_sitenote_active":false,"_monsterinsights_sitenote_note":"","_monsterinsights_sitenote_category":0,"footnotes":""},"class_list":["post-6","page","type-page","status-publish","hentry"],"aioseo_notices":[],"_links":{"self":[{"href":"https:\/\/sustainable-generation.com\/es\/wp-json\/wp\/v2\/pages\/6","targetHints":{"allow":["GET"]}}],"collection":[{"href":"https:\/\/sustainable-generation.com\/es\/wp-json\/wp\/v2\/pages"}],"about":[{"href":"https:\/\/sustainable-generation.com\/es\/wp-json\/wp\/v2\/types\/page"}],"author":[{"embeddable":true,"href":"https:\/\/sustainable-generation.com\/es\/wp-json\/wp\/v2\/users\/5"}],"replies":[{"embeddable":true,"href":"https:\/\/sustainable-generation.com\/es\/wp-json\/wp\/v2\/comments?post=6"}],"version-history":[{"count":8,"href":"https:\/\/sustainable-generation.com\/es\/wp-json\/wp\/v2\/pages\/6\/revisions"}],"predecessor-version":[{"id":7176,"href":"https:\/\/sustainable-generation.com\/es\/wp-json\/wp\/v2\/pages\/6\/revisions\/7176"}],"wp:attachment":[{"href":"https:\/\/sustainable-generation.com\/es\/wp-json\/wp\/v2\/media?parent=6"}],"curies":[{"name":"wp","href":"https:\/\/api.w.org\/{rel}","templated":true}]}}